{"id":2,"date":"2015-09-21T10:52:52","date_gmt":"2015-09-21T08:52:52","guid":{"rendered":"http:\/\/www.chiaradanza.it\/?page_id=2"},"modified":"2025-02-27T11:19:46","modified_gmt":"2025-02-27T10:19:46","slug":"pagina-di-esempio","status":"publish","type":"page","link":"https:\/\/www.chiaradanza.it\/?page_id=2","title":{"rendered":"Manifesto"},"content":{"rendered":"<p><a class=\"swipebox\" href=\"https:\/\/www.chiaradanza.it\/wp-content\/uploads\/2015\/09\/Logo-Chiaradanza-2.jpg\"><img loading=\"lazy\" decoding=\"async\" class=\"wp-image-70 aligncenter\" src=\"https:\/\/www.chiaradanza.it\/wp-content\/uploads\/2015\/09\/Logo-Chiaradanza-2-235x300.jpg\" alt=\"Logo Chiaradanza 2\" width=\"29\" height=\"37\" srcset=\"https:\/\/www.chiaradanza.it\/wp-content\/uploads\/2015\/09\/Logo-Chiaradanza-2-235x300.jpg 235w, https:\/\/www.chiaradanza.it\/wp-content\/uploads\/2015\/09\/Logo-Chiaradanza-2.jpg 400w\" sizes=\"auto, (max-width: 29px) 100vw, 29px\" \/><\/a><\/p>\n<p style=\"text-align: center;\"><em>ASSOCIAZIONE CULTURALE ARTISTICA CHIARADANZA<\/em><\/p>\n<p style=\"text-align: center;\">Chiaradanza\u00a0\u00e8 un centro di ricerca e promozione della danza contemporanea e delle arti del movimento orientali, in particolare il Tai Ji Quan (Tai Chi Chuan)) e\u00a0 Qi Gong, quali strumenti di supporto e ricerca nella formazione del danzatore e nella creazione artistica.<\/p>\n<p style=\"text-align: center;\">Una ricerca poetica del movimento che tende a svincolarsi dalle forme estetiche classiche occidentali e che utilizza invece integrandoli, gli elementi rotondi e fluidi, precisi e continuati, del movimento Tai Ji (Tai chi), esplorando nuove e dinamiche forme di espressione del corpo.<\/p>\n<p style=\"text-align: center;\">Chiaradanza \u00e8 una compagnia\u00a0<em>instabile<\/em>\u00a0di teatrodanza\u00a0che indaga e ricerca un personale linguaggio partendo da Napoli, con la necessit\u00e0 di raccontare e trasmettere la propria esperienza umana ed artistica, dialogando con il territorio e le sue storie di ieri e di oggi, di fuori e di dentro, verso un nuovo teatro del corpo dove i diversi linguaggi che lo compongono, dal\u00a0teatro\u00a0alla\u00a0danza, alla\u00a0musica, al\u00a0canto, all\u2019immagine,\u00a0siano esperienze uniche ed irripetibili per la creazione.<\/p>\n<p style=\"text-align: center;\"><strong>Taiji e Danza \u2013 incontro col Tai Chi<\/strong><\/p>\n<p style=\"text-align: center;\"><strong>L\u2019avanguardia ha un cuore antico<\/strong><\/p>\n<p style=\"text-align: center;\">L\u2019incontro fra il Tai chi e la danza contemporanea \u00e8 avvenuto a New York negli anni \u201970, ma la danza moderna americana ha conosciuto le arti marziali senz\u2019altro prima di quel che si possa pensare.<\/p>\n<p style=\"text-align: center;\">In America, sin dai suoi albori all\u2019inizio del Novecento, la danza moderna si pone in contrapposizione alla danza classica sia per la scelta dei contenuti, sia soprattutto per il tipo di lavoro sul corpo. Un\u2019apertura allo studio di altre discipline \u00e8 sempre stata una caratteristica distintiva della modern dance; il teatro tradizionale giapponese e indiano, le danze tradizionali ed etniche (danza indiana, flamenco, danza balinese per citarne solo alcune) e le arti marziali hanno contribuito a creare un vocabolario di movimenti unici e rivoluzionari per l\u2019epoca. Lo studio delle arti marziali permette alla modern dance di sviluppare sin da subito il concetto di \u201ccentro\u201d (il \u201cchi\u201d cinese e il ki giapponese); le gambe perdono l\u2019importanza estetica a loro attribuita dalla danza classica mentre il bacino, il tronco e le braccia diventano il veicolo di espressione del nuovo corpo. Il bacino e la schiena si sono liberati delle stecche di balena dei busti, i piedi, nudi e finalmente liberi dalle scarpette, si muovono agili sul pavimento: il corpo che danza ritrova il contatto con il suo respiro e con la terra. Ed \u00e8 proprio grazie a questo contatto che si inizier\u00e0 ad esplorare tutte le possibilit\u00e0 di movimento che il suolo offre (cadute, rotolate e cos\u00ec via). Ai giorni nostri il Tai chi e le arti marziali sono materie di insegnamento presso i pi\u00f9 importanti corsi di formazione per i danzatori contemporanei, in Europa e in America. Da anni ormai coreografi e insegnanti di danza contemporanea integrano movimenti tratti dalla pratica del Tai chi con il loro lavoro. Per non parlare dei giovani coreografi di origine cinese che si sono recentemente affermati nel mondo della danza grazie ai loro spettacoli, fantasiosi da un punto di vista scenografico ma soprattutto caratterizzati da un approccio al movimento davvero innovativo.<\/p>\n<p style=\"text-align: center;\">Nella danza dal Novecento a oggi l\u2019avanguardia ha un cuore antico.<\/p>\n\n\n<p><\/p>\n","protected":false},"excerpt":{"rendered":"<p>ASSOCIAZIONE CULTURALE ARTISTICA CHIARADANZA Chiaradanza\u00a0\u00e8 un centro di ricerca e promozione della danza contemporanea e&#8230;<\/p>\n<div class=\"more-link-wrapper\"><a class=\"more-link\" href=\"https:\/\/www.chiaradanza.it\/?page_id=2\">Continua a leggere<span class=\"screen-reader-text\">Manifesto<\/span><\/a><\/div>\n","protected":false},"author":1,"featured_media":1094,"parent":0,"menu_order":0,"comment_status":"closed","ping_status":"open","template":"","meta":{"footnotes":""},"class_list":["post-2","page","type-page","status-publish","has-post-thumbnail","hentry","excerpt","zoom","full-without-featured","even","excerpt-0"],"_links":{"self":[{"href":"https:\/\/www.chiaradanza.it\/index.php?rest_route=\/wp\/v2\/pages\/2","targetHints":{"allow":["GET"]}}],"collection":[{"href":"https:\/\/www.chiaradanza.it\/index.php?rest_route=\/wp\/v2\/pages"}],"about":[{"href":"https:\/\/www.chiaradanza.it\/index.php?rest_route=\/wp\/v2\/types\/page"}],"author":[{"embeddable":true,"href":"https:\/\/www.chiaradanza.it\/index.php?rest_route=\/wp\/v2\/users\/1"}],"replies":[{"embeddable":true,"href":"https:\/\/www.chiaradanza.it\/index.php?rest_route=%2Fwp%2Fv2%2Fcomments&post=2"}],"version-history":[{"count":14,"href":"https:\/\/www.chiaradanza.it\/index.php?rest_route=\/wp\/v2\/pages\/2\/revisions"}],"predecessor-version":[{"id":1169,"href":"https:\/\/www.chiaradanza.it\/index.php?rest_route=\/wp\/v2\/pages\/2\/revisions\/1169"}],"wp:featuredmedia":[{"embeddable":true,"href":"https:\/\/www.chiaradanza.it\/index.php?rest_route=\/wp\/v2\/media\/1094"}],"wp:attachment":[{"href":"https:\/\/www.chiaradanza.it\/index.php?rest_route=%2Fwp%2Fv2%2Fmedia&parent=2"}],"curies":[{"name":"wp","href":"https:\/\/api.w.org\/{rel}","templated":true}]}}